{"id":718,"date":"2017-01-02T08:28:52","date_gmt":"2017-01-02T08:28:52","guid":{"rendered":"https:\/\/demo.themegrill.com\/flash-default-2\/?page_id=5"},"modified":"2022-05-22T19:33:16","modified_gmt":"2022-05-22T17:33:16","slug":"home","status":"publish","type":"page","link":"https:\/\/autoecolevoltaire.fr\/","title":{"rendered":"Accueil"},"content":{"rendered":"<div id=\"pl-718\"  class=\"panel-layout\" ><div id=\"pg-718-0\"  class=\"panel-grid panel-has-style\" ><div class=\"siteorigin-panels-stretch panel-row-style panel-row-style-for-718-0\" data-stretch-type=\"full-stretched\" ><div id=\"pgc-718-0-0\"  class=\"panel-grid-cell\" ><div id=\"panel-718-0-0-0\" class=\"so-panel widget widget_themegrill_flash_slider tg-section tg-slider-widget panel-first-child panel-last-child\" data-index=\"0\" ><div class=\"panel-widget-style panel-widget-style-for-718-0-0-0\" ><div class=\"tg-slider-widget slider-light slider-content-center slider-control-center full-width\">\n\t<div class=\"swiper-container\">\n\t\t<div class=\"swiper-wrapper\">\n\t\t\t\n\t\t\t\t\t<div class=\"swiper-slide\">\n\t\t\t\t\t\t<figure class=\"slider-image\" >\n\t\t\t\t\t\t\t<img width=\"702\" height=\"364\"\t\t\t\t\t\t\t\t\tsrc=\"http:\/\/autoecolevoltaire.fr\/wp-content\/uploads\/2022\/05\/C3-2-1.jpg\"\n\t\t\t\t\t\t\t\t\talt=\"AUTO ECOLE VOLTAIRE\"\n\t\t\t\t\t\t\t\t\ttitle=\"AUTO ECOLE VOLTAIRE\"\/>\n\t\t\t\t\t\t\t<div class=\"overlay\"><\/div>\n\t\t\t\t\t\t<\/figure>\n\t\t\t\t\t\t<div class=\"slider-content\">\n\t\t\t\t\t\t\t<div class=\"tg-container\">\n\t\t\t\t\t\t\t\t<div class=\"caption-title\">AUTO ECOLE VOLTAIRE<\/div>\n\t\t\t\t\t\t\t\t<div class=\"caption-desc\">Votre auto \u00e9cole du 11e arrondissement<\/div>\n\t\t\t\t\t\t\t\t\t\t\t\t\t\t\t<\/div>\n\t\t\t\t\t\t<\/div>\n\t\t\t\t\t<\/div>\n\n\t\t\t\t\n\t\t\t\t\t<div class=\"swiper-slide\">\n\t\t\t\t\t\t<figure class=\"slider-image\" >\n\t\t\t\t\t\t\t<img width=\"702\" height=\"364\"\t\t\t\t\t\t\t\t\tsrc=\"http:\/\/autoecolevoltaire.fr\/wp-content\/uploads\/2022\/05\/Kawa-2.jpg\"\n\t\t\t\t\t\t\t\t\talt=\"MOTO ECOLE VOLTAIRE\"\n\t\t\t\t\t\t\t\t\ttitle=\"MOTO ECOLE VOLTAIRE\"\/>\n\t\t\t\t\t\t\t<div class=\"overlay\"><\/div>\n\t\t\t\t\t\t<\/figure>\n\t\t\t\t\t\t<div class=\"slider-content\">\n\t\t\t\t\t\t\t<div class=\"tg-container\">\n\t\t\t\t\t\t\t\t<div class=\"caption-title\">MOTO ECOLE VOLTAIRE<\/div>\n\t\t\t\t\t\t\t\t<div class=\"caption-desc\">Votre moto \u00e9cole du 11e arrondissement<\/div>\n\t\t\t\t\t\t\t\t\t\t\t\t\t\t\t<\/div>\n\t\t\t\t\t\t<\/div>\n\t\t\t\t\t<\/div>\n\n\t\t\t\t\t\t<\/div>\n\t\t<div class=\"swiper-pagination\"><\/div>\n\t\t<div class=\"slider-arrow\">\n\t\t\t<div class=\"swiper-button-next\"><\/div>\n\t\t\t<div class=\"swiper-button-prev\"><\/div>\n\t\t<\/div>\n\t<\/div>\n<\/div>\n<\/div><\/div><\/div><\/div><\/div><div id=\"pg-718-1\"  class=\"panel-grid panel-has-style\" ><div class=\"panel-row-style panel-row-style-for-718-1\" ><div id=\"pgc-718-1-0\"  class=\"panel-grid-cell\" ><div id=\"panel-718-1-0-0\" class=\"so-panel widget widget_themegrill_flash_service tg-widget tg-single-service panel-first-child panel-last-child\" data-index=\"1\" >\n<div class=\"tg-service-widget tg-service-layout-1\">\n\t<div class=\"service-wrapper\">\n\t\t<div class=\"service-icon-title-wrapper clearfix\">\n\t\t\t\t\t\t<div class=\"service-icon-wrap\"><i class=\"fa fa-mortar-board\"><\/i><\/div>\n\t\t\t\t\t\t\t\t\t\t\t\t<h3 class=\"service-title-wrap\">\n\t\t\t\tEXPERTISE\t\t\t\t\t\t\t<\/h3>\n\t\t\t\t\t<\/div>\n\t\t\t\t<div class=\"service-content-wrap\">Tous nos stages de code sont assur\u00e9s par des formateurs dipl\u00f4m\u00e9s d\u2019\u00e9tat<\/div>\n\t\t\t\t\t<\/div>\n<\/div>\n<\/div><\/div><div id=\"pgc-718-1-1\"  class=\"panel-grid-cell\" ><div id=\"panel-718-1-1-0\" class=\"so-panel widget widget_themegrill_flash_service tg-widget tg-single-service panel-first-child panel-last-child\" data-index=\"2\" >\n<div class=\"tg-service-widget tg-service-layout-1\">\n\t<div class=\"service-wrapper\">\n\t\t<div class=\"service-icon-title-wrapper clearfix\">\n\t\t\t\t\t\t<div class=\"service-icon-wrap\"><i class=\"fa fa-motorcycle\"><\/i><\/div>\n\t\t\t\t\t\t\t\t\t\t\t\t<h3 class=\"service-title-wrap\">\n\t\t\t\tCONFORT\t\t\t\t\t\t\t<\/h3>\n\t\t\t\t\t<\/div>\n\t\t\t\t<div class=\"service-content-wrap\">Toutes nos formations moto et scooter sont effectu\u00e9es sur piste priv\u00e9e<\/div>\n\t\t\t\t\t<\/div>\n<\/div>\n<\/div><\/div><div id=\"pgc-718-1-2\"  class=\"panel-grid-cell\" ><div id=\"panel-718-1-2-0\" class=\"so-panel widget widget_themegrill_flash_service tg-widget tg-single-service panel-first-child panel-last-child\" data-index=\"3\" >\n<div class=\"tg-service-widget tg-service-layout-1\">\n\t<div class=\"service-wrapper\">\n\t\t<div class=\"service-icon-title-wrapper clearfix\">\n\t\t\t\t\t\t<div class=\"service-icon-wrap\"><i class=\"fa fa-clock-o\"><\/i><\/div>\n\t\t\t\t\t\t\t\t\t\t\t\t<h3 class=\"service-title-wrap\">\n\t\t\t\tRAPIDITE\t\t\t\t\t\t\t<\/h3>\n\t\t\t\t\t<\/div>\n\t\t\t\t<div class=\"service-content-wrap\">Nos d\u00e9lais de formations sont adapt\u00e9s gr\u00e2ce \u00e0 nos plannings modulables<\/div>\n\t\t\t\t\t<\/div>\n<\/div>\n<\/div><\/div><\/div><\/div><div id=\"pg-718-2\"  class=\"panel-grid panel-has-style\" ><div class=\"siteorigin-panels-stretch panel-row-style panel-row-style-for-718-2\" data-stretch-type=\"full\" ><div id=\"pgc-718-2-0\"  class=\"panel-grid-cell\" ><div id=\"panel-718-2-0-0\" class=\"so-panel widget widget_themegrill_flash_heading tg-widget section-title-wrapper panel-first-child\" data-index=\"4\" >\t<h3 class=\"section-title\">NOS PROMOTIONS<\/h3>\n\t<div class=\"section-description\">Profitez vite de nos offres de lancement. Il n&#039;y en aura pas pour tout le monde!<\/div>\n<\/div><div id=\"panel-718-2-0-1\" class=\"so-panel widget widget_themegrill_flash_portfolio tg-section feature-product-section panel-last-child\" data-index=\"5\" ><div class=\"tg-feature-product-layout-1 tg-feature-product-filter-layout\"><div class=\"tg-container\"><div class=\"grid\"><div class=\"tg-column-wrapper\"><div class=\"tg-feature-product-widget element-item uxdesign tg-column-4 portfolio \" data-category=\"portfolio \"><figure><img width=\"439\" height=\"439\" src=\"https:\/\/autoecolevoltaire.fr\/wp-content\/uploads\/2017\/01\/Permis-B-990.jpg\" class=\"attachment-full size-full wp-post-image\" alt=\"\" loading=\"lazy\" srcset=\"https:\/\/autoecolevoltaire.fr\/wp-content\/uploads\/2017\/01\/Permis-B-990.jpg 439w, https:\/\/autoecolevoltaire.fr\/wp-content\/uploads\/2017\/01\/Permis-B-990-300x300.jpg 300w, https:\/\/autoecolevoltaire.fr\/wp-content\/uploads\/2017\/01\/Permis-B-990-150x150.jpg 150w, https:\/\/autoecolevoltaire.fr\/wp-content\/uploads\/2017\/01\/Permis-B-990-100x100.jpg 100w\" sizes=\"(max-width: 439px) 100vw, 439px\" \/><\/figure><div class=\"featured-image-desc\"><span><a href=\"https:\/\/autoecolevoltaire.fr\/index.php\/portfolio\/classic-collection\/\"><i class=\"fa fa-plus\"><\/i><\/a><\/span><div class=\"feature-inner-block\"><h3 class=\"feature-title-wrap\"><a href=\"https:\/\/autoecolevoltaire.fr\/index.php\/portfolio\/classic-collection\/\">Forfait permis B 20h (990\u20ac au lieu de 1190\u20ac)<\/a><\/h3><h4 class=\"feature-desc-wrap\"><\/h4><\/div><\/div><\/div><div class=\"tg-feature-product-widget element-item uxdesign tg-column-4 portfolio \" data-category=\"portfolio \"><figure><img width=\"621\" height=\"620\" src=\"https:\/\/autoecolevoltaire.fr\/wp-content\/uploads\/2017\/01\/permis-B-750.jpg\" class=\"attachment-full size-full wp-post-image\" alt=\"\" loading=\"lazy\" srcset=\"https:\/\/autoecolevoltaire.fr\/wp-content\/uploads\/2017\/01\/permis-B-750.jpg 621w, https:\/\/autoecolevoltaire.fr\/wp-content\/uploads\/2017\/01\/permis-B-750-300x300.jpg 300w, https:\/\/autoecolevoltaire.fr\/wp-content\/uploads\/2017\/01\/permis-B-750-150x150.jpg 150w, https:\/\/autoecolevoltaire.fr\/wp-content\/uploads\/2017\/01\/permis-B-750-600x599.jpg 600w, https:\/\/autoecolevoltaire.fr\/wp-content\/uploads\/2017\/01\/permis-B-750-100x100.jpg 100w\" sizes=\"(max-width: 621px) 100vw, 621px\" \/><\/figure><div class=\"featured-image-desc\"><span><a href=\"https:\/\/autoecolevoltaire.fr\/index.php\/portfolio\/vintage-collection\/\"><i class=\"fa fa-plus\"><\/i><\/a><\/span><div class=\"feature-inner-block\"><h3 class=\"feature-title-wrap\"><a href=\"https:\/\/autoecolevoltaire.fr\/index.php\/portfolio\/vintage-collection\/\">Permis B automatique 13h (750\u20ac au lieu de 850\u20ac)<\/a><\/h3><h4 class=\"feature-desc-wrap\"><\/h4><\/div><\/div><\/div><div class=\"tg-feature-product-widget element-item uxdesign tg-column-4 portfolio \" data-category=\"portfolio \"><figure><img width=\"504\" height=\"510\" src=\"https:\/\/autoecolevoltaire.fr\/wp-content\/uploads\/2017\/01\/A2.jpg\" class=\"attachment-full size-full wp-post-image\" alt=\"\" loading=\"lazy\" srcset=\"https:\/\/autoecolevoltaire.fr\/wp-content\/uploads\/2017\/01\/A2.jpg 504w, https:\/\/autoecolevoltaire.fr\/wp-content\/uploads\/2017\/01\/A2-296x300.jpg 296w, https:\/\/autoecolevoltaire.fr\/wp-content\/uploads\/2017\/01\/A2-100x100.jpg 100w\" sizes=\"(max-width: 504px) 100vw, 504px\" \/><\/figure><div class=\"featured-image-desc\"><span><a href=\"https:\/\/autoecolevoltaire.fr\/index.php\/portfolio\/classic-watch\/\"><i class=\"fa fa-plus\"><\/i><\/a><\/span><div class=\"feature-inner-block\"><h3 class=\"feature-title-wrap\"><a href=\"https:\/\/autoecolevoltaire.fr\/index.php\/portfolio\/classic-watch\/\">Permis moto A2 20h (790\u20ac au lieu de 890\u20ac)<\/a><\/h3><h4 class=\"feature-desc-wrap\"><\/h4><\/div><\/div><\/div><div class=\"tg-feature-product-widget element-item uxdesign tg-column-4 portfolio \" data-category=\"portfolio \"><figure><img width=\"625\" height=\"626\" src=\"https:\/\/autoecolevoltaire.fr\/wp-content\/uploads\/2017\/01\/code-1.jpg\" class=\"attachment-full size-full wp-post-image\" alt=\"\" loading=\"lazy\" srcset=\"https:\/\/autoecolevoltaire.fr\/wp-content\/uploads\/2017\/01\/code-1.jpg 625w, https:\/\/autoecolevoltaire.fr\/wp-content\/uploads\/2017\/01\/code-1-300x300.jpg 300w, https:\/\/autoecolevoltaire.fr\/wp-content\/uploads\/2017\/01\/code-1-150x150.jpg 150w, https:\/\/autoecolevoltaire.fr\/wp-content\/uploads\/2017\/01\/code-1-600x601.jpg 600w, https:\/\/autoecolevoltaire.fr\/wp-content\/uploads\/2017\/01\/code-1-100x100.jpg 100w\" sizes=\"(max-width: 625px) 100vw, 625px\" \/><\/figure><div class=\"featured-image-desc\"><span><a href=\"https:\/\/autoecolevoltaire.fr\/index.php\/portfolio\/mac-product\/\"><i class=\"fa fa-plus\"><\/i><\/a><\/span><div class=\"feature-inner-block\"><h3 class=\"feature-title-wrap\"><a href=\"https:\/\/autoecolevoltaire.fr\/index.php\/portfolio\/mac-product\/\">Stage code acc\u00e9ler\u00e9  3 jours (390\u20ac au lieu de 490\u20ac)<\/a><\/h3><h4 class=\"feature-desc-wrap\"><\/h4><\/div><\/div><\/div><\/div><!-- \/.tg-column-wrapper--><\/div><!-- \/.grid --><\/div><!-- \/.tg-container --><\/div><!-- \/.layout div --><\/div><\/div><\/div><\/div><\/div>","protected":false},"excerpt":{"rendered":"","protected":false},"author":1,"featured_media":0,"parent":0,"menu_order":0,"comment_status":"closed","ping_status":"closed","template":"page-templates\/pagebuilder.php","meta":[],"_links":{"self":[{"href":"https:\/\/autoecolevoltaire.fr\/index.php\/wp-json\/wp\/v2\/pages\/718"}],"collection":[{"href":"https:\/\/autoecolevoltaire.fr\/index.php\/wp-json\/wp\/v2\/pages"}],"about":[{"href":"https:\/\/autoecolevoltaire.fr\/index.php\/wp-json\/wp\/v2\/types\/page"}],"author":[{"embeddable":true,"href":"https:\/\/autoecolevoltaire.fr\/index.php\/wp-json\/wp\/v2\/users\/1"}],"replies":[{"embeddable":true,"href":"https:\/\/autoecolevoltaire.fr\/index.php\/wp-json\/wp\/v2\/comments?post=718"}],"version-history":[{"count":69,"href":"https:\/\/autoecolevoltaire.fr\/index.php\/wp-json\/wp\/v2\/pages\/718\/revisions"}],"predecessor-version":[{"id":959,"href":"https:\/\/autoecolevoltaire.fr\/index.php\/wp-json\/wp\/v2\/pages\/718\/revisions\/959"}],"wp:attachment":[{"href":"https:\/\/autoecolevoltaire.fr\/index.php\/wp-json\/wp\/v2\/media?parent=718"}],"curies":[{"name":"wp","href":"https:\/\/api.w.org\/{rel}","templated":true}]}}