{"id":806,"date":"2022-05-22T15:57:19","date_gmt":"2022-05-22T13:57:19","guid":{"rendered":"http:\/\/autoecd.cluster031.hosting.ovh.net\/?page_id=806"},"modified":"2022-05-22T19:25:46","modified_gmt":"2022-05-22T17:25:46","slug":"permis-b-manuelle","status":"publish","type":"page","link":"https:\/\/autoecolevoltaire.fr\/index.php\/permis-b-manuelle\/","title":{"rendered":"Permis B bo\u00eete manuelle"},"content":{"rendered":"\n<p>Ce forfait est la solution la plus demand\u00e9e par la plupart des \u00e9l\u00e8ves pour d\u00e9buter&nbsp;sur la route.<\/p>\n\n\n\n<p>En effet, elle est constitu\u00e9e de tous les essentiels pour d\u00e9marrer l\u2019apprentissage de la conduite (frais d\u2019inscription, accompagnement dans l\u2019apprentissage th\u00e9orique du code de la route, premi\u00e8res heures de conduite\u2026 ) \u00e0 l\u2019exception&nbsp; des frais d\u2019inscription \u00e0 l\u2019examen th\u00e9orique puisqu\u2019il se fait depuis Juin 2016 aupr\u00e8s d\u2019organismes agr\u00e9\u00e9s par l\u2019\u00c9tat.<\/p>\n\n\n\n<p>Apr\u00e8s l\u2019obtention de votre code de la route, vous planifierez, en fonction de vos disponibilit\u00e9s, avec votre moniteur des sessions de formation de 2h puis de 3h pour vous plonger en situation r\u00e9elle d\u2019examen. \u00c0 la fin de chaque le\u00e7on, vous aurez une appr\u00e9ciation de votre moniteur pour vous permettre de faire le point sur les points acquis et ceux qu\u2019ils restent \u00e0 travailler.<\/p>\n\n\n\n<h3>D\u00e9tails de la formule<\/h3>\n\n\n\n<p>Cette formule est constitu\u00e9e des \u00e9l\u00e9ments suivants :<\/p>\n\n\n\n<ul><li><strong>Frais d\u2019inscription (150\u20ac)<\/strong><\/li><li><strong>Code en ligne valable 6 mois incluant le livre (65\u20ac)<\/strong><\/li><li><strong>20 heures de conduite (975\u20ac)<\/strong><\/li><\/ul>\n\n\n\n<p><strong>L\u2019heure de conduite suppl\u00e9mentaire est \u00e0 50\u20ac.<\/strong><\/p>\n\n\n\n<p>Tous les prix sont exprim\u00e9s en euros (\u20ac), toutes taxes comprises (TTC).<\/p>\n\n\n\n<h3>Pi\u00e8ces \u00e0 fournir pour l\u2019inscription<\/h3>\n\n\n\n<ul><li>Une photocopie d\u2019une pi\u00e8ce d\u2019identit\u00e9 recto\/verso<\/li><li>Un justificatif de domicile<\/li><li>Une photocopie de la pi\u00e8ce d\u2019identit\u00e9 recto\/verso d\u2019un parent si l\u2019\u00e9l\u00e8ve est mineur<\/li><li>Une photo d\u2019identit\u00e9<\/li><li>Pour les 18-25 ans, fournir l\u2019attestation de la Journ\u00e9e Defense et  Citoyennet\u00e9<\/li><li>Attestation de recensement pour les moins de 18 ans<\/li><\/ul>\n\n\n\n<p><\/p>\n","protected":false},"excerpt":{"rendered":"<p>Ce forfait est la solution la plus demand\u00e9e par la plupart des \u00e9l\u00e8ves pour d\u00e9buter&nbsp;sur la route. En effet, elle [&hellip;]<\/p>\n","protected":false},"author":1,"featured_media":0,"parent":0,"menu_order":0,"comment_status":"closed","ping_status":"closed","template":"","meta":[],"_links":{"self":[{"href":"https:\/\/autoecolevoltaire.fr\/index.php\/wp-json\/wp\/v2\/pages\/806"}],"collection":[{"href":"https:\/\/autoecolevoltaire.fr\/index.php\/wp-json\/wp\/v2\/pages"}],"about":[{"href":"https:\/\/autoecolevoltaire.fr\/index.php\/wp-json\/wp\/v2\/types\/page"}],"author":[{"embeddable":true,"href":"https:\/\/autoecolevoltaire.fr\/index.php\/wp-json\/wp\/v2\/users\/1"}],"replies":[{"embeddable":true,"href":"https:\/\/autoecolevoltaire.fr\/index.php\/wp-json\/wp\/v2\/comments?post=806"}],"version-history":[{"count":5,"href":"https:\/\/autoecolevoltaire.fr\/index.php\/wp-json\/wp\/v2\/pages\/806\/revisions"}],"predecessor-version":[{"id":951,"href":"https:\/\/autoecolevoltaire.fr\/index.php\/wp-json\/wp\/v2\/pages\/806\/revisions\/951"}],"wp:attachment":[{"href":"https:\/\/autoecolevoltaire.fr\/index.php\/wp-json\/wp\/v2\/media?parent=806"}],"curies":[{"name":"wp","href":"https:\/\/api.w.org\/{rel}","templated":true}]}}