{"id":808,"date":"2022-05-22T15:57:50","date_gmt":"2022-05-22T13:57:50","guid":{"rendered":"http:\/\/autoecd.cluster031.hosting.ovh.net\/?page_id=808"},"modified":"2022-06-10T19:28:09","modified_gmt":"2022-06-10T17:28:09","slug":"permis-b-automatique","status":"publish","type":"page","link":"https:\/\/autoecolevoltaire.fr\/index.php\/permis-b-automatique\/","title":{"rendered":"Permis B bo\u00eete automatique"},"content":{"rendered":"\n<p>Ce permis de conduire est souvent per\u00e7u,&nbsp;<strong>\u00e0 tort<\/strong>, comme trop restrictif. Nous vous expliquons pourquoi&nbsp;?<\/p>\n\n\n\n<p>Tout d\u2019abord, les v\u00e9hicules d\u2019aujourd\u2019hui dot\u00e9s d\u2019une bo\u00eete automatique sont beaucoup performant et confortable qu\u2019il y a 10 ans. Ils correspondent \u00e9galement beaucoup plus aux \u00e9volutions du parc automobile puisque chaque ann\u00e9e, le taux d\u2019\u00e9quipement en bo\u00eete automatique augmente. Tous ceux qui l\u2019ont essay\u00e9 s\u2019accordent \u00e0 dire qu\u2019<strong>essayer c\u2019est l\u2019adopter<\/strong>&nbsp;! D\u2019autant plus lorsque l\u2019on vit dans une grande ville avec un trafic routier r\u00e9guli\u00e8rement satur\u00e9.<\/p>\n\n\n\n<p>La seconde raison est que depuis le 30 Octobre 2016 (arr\u00eat\u00e9 du 14\/10\/2016), le&nbsp;<strong>volume minimum<\/strong>&nbsp;d\u2019heures requises avant la pr\u00e9sentation \u00e0 un examen est pass\u00e9 de 20 heures (\u00e9quivalent au permis \u00e0 bo\u00eete manuelle) \u00e0&nbsp;<strong>13 heures<\/strong>&nbsp;pour les permis en bo\u00eete automatique. Cette r\u00e8gle vaut aussi bien pour un apprentissage \u00ab&nbsp;classique&nbsp;\u00bb du permis B que pour une formation en conduite accompagn\u00e9e ou supervis\u00e9e.<\/p>\n\n\n\n<p>A l\u2019issue de cette formation, vous obtenez un permis B portant un code restrictif 78 vous autorisant \u00e0 ne conduire qu\u2019en bo\u00eete automatique. Cependant, il est d\u00e9sormais possible de lever cette restriction tr\u00e8s rapidement en suivant une&nbsp;<strong>formation de 7 heures<\/strong>&nbsp;sur un v\u00e9hicule \u00e9quip\u00e9 d\u2019une bo\u00eete manuelle (possible 3 mois seulement apr\u00e8s l\u2019obtention de votre permis). Cette formation se r\u00e9alise aupr\u00e8s de votre moniteur auto-\u00e9cole et ne n\u00e9cessite plus un passage devant un inspecteur de conduite depuis le 1<sup>er<\/sup>&nbsp;janvier 2017.<\/p>\n\n\n\n<p>Enfin, toutes ces nouvelles dispositions vous rendent en r\u00e9alit\u00e9 le permis beaucoup plus accessible et repr\u00e9sente&nbsp;<strong>un r\u00e9el gain de temps et d\u2019argent<\/strong>. En effet, l\u2019apprentissage de la conduite est plus courte puisque vous n\u2019avez&nbsp;pas \u00e0 pr\u00e9occuper du passage des vitesses. Toute votre attention est ainsi focalis\u00e9e sur votre environnement et non partag\u00e9 entre plusieurs \u00e9l\u00e9ments. Cela peut donc augmenter vos chances de r\u00e9ussite lors de l\u2019examen final de pratique&nbsp;!<\/p>\n\n\n\n<p><strong>Alors posez-vous les bonnes questions ! Pour cela, n\u2019h\u00e9sitez pas \u00e0 demander conseil \u00e0 votre moniteur auto-\u00e9cole ou \u00e0 r\u00e9clamer un essai afin de tester par vous-m\u00eame.<\/strong><\/p>\n\n\n\n<p>Tout comme le forfait en bo\u00eete manuelle, ce forfait suivra le m\u00eame d\u00e9roul\u00e9 et est constitu\u00e9 de tous les essentiels pour d\u00e9marrer l\u2019apprentissage de la conduite (frais d\u2019inscription, accompagnement dans l\u2019apprentissage th\u00e9orique du code de la route, premi\u00e8res heures de conduite\u2026) \u00e0 l\u2019exception&nbsp; des frais d\u2019inscription \u00e0 l\u2019examen th\u00e9orique puisqu\u2019il se fait depuis Juin 2016 aupr\u00e8s d\u2019organismes agr\u00e9\u00e9s par l\u2019Etat.<\/p>\n\n\n\n<h3>D\u00e9tails de la formule \u00e0 partir 850 euros (750 euros promotion de lancement)<\/h3>\n\n\n\n<p>Cette formule est constitu\u00e9e des \u00e9l\u00e9ments suivants :<\/p>\n\n\n\n<ul><li><strong>Frais d\u2019inscription (150\u20ac)<\/strong><\/li><li><strong>Code en salle valable 6 mois <strong>incluant le livre (65\u20ac)<\/strong><\/strong><\/li><li><strong>13 heures de conduite (635\u20ac)<\/strong> <strong>ou 20 heures des conduite (1075\u20ac) ou 30 heures<\/strong> <strong>de conduite<\/strong> <strong>(1275\u20ac)<\/strong><\/li><\/ul>\n\n\n\n<p><strong>L\u2019heure suppl\u00e9mentaire est \u00e0 55\u20ac<\/strong><\/p>\n\n\n\n<p>Tous les prix sont exprim\u00e9s en euros (\u20ac), toutes taxes comprises (TTC).<\/p>\n\n\n\n<h3>Pi\u00e8ces \u00e0 fournir pour l\u2019inscription<\/h3>\n\n\n\n<ul><li>Une photocopie d\u2019une pi\u00e8ce d\u2019identit\u00e9 recto\/verso<\/li><li>Un justificatif de domicile<\/li><li>Une photocopie de la pi\u00e8ce d\u2019identit\u00e9 recto\/verso d\u2019un parent si l\u2019\u00e9l\u00e8ve est mineur<\/li><li>Une photo d\u2019identit\u00e9<\/li><li>Pour les 18-25 ans, fournir l\u2019attestation de la Journ\u00e9e Defense et Citoyennet\u00e9<\/li><li>Attestation de recensement pour les moins de 18 ans<\/li><\/ul>\n","protected":false},"excerpt":{"rendered":"<p>Ce permis de conduire est souvent per\u00e7u,&nbsp;\u00e0 tort, comme trop restrictif. Nous vous expliquons pourquoi&nbsp;? Tout d\u2019abord, les v\u00e9hicules d\u2019aujourd\u2019hui [&hellip;]<\/p>\n","protected":false},"author":1,"featured_media":0,"parent":0,"menu_order":0,"comment_status":"closed","ping_status":"closed","template":"","meta":[],"_links":{"self":[{"href":"https:\/\/autoecolevoltaire.fr\/index.php\/wp-json\/wp\/v2\/pages\/808"}],"collection":[{"href":"https:\/\/autoecolevoltaire.fr\/index.php\/wp-json\/wp\/v2\/pages"}],"about":[{"href":"https:\/\/autoecolevoltaire.fr\/index.php\/wp-json\/wp\/v2\/types\/page"}],"author":[{"embeddable":true,"href":"https:\/\/autoecolevoltaire.fr\/index.php\/wp-json\/wp\/v2\/users\/1"}],"replies":[{"embeddable":true,"href":"https:\/\/autoecolevoltaire.fr\/index.php\/wp-json\/wp\/v2\/comments?post=808"}],"version-history":[{"count":7,"href":"https:\/\/autoecolevoltaire.fr\/index.php\/wp-json\/wp\/v2\/pages\/808\/revisions"}],"predecessor-version":[{"id":971,"href":"https:\/\/autoecolevoltaire.fr\/index.php\/wp-json\/wp\/v2\/pages\/808\/revisions\/971"}],"wp:attachment":[{"href":"https:\/\/autoecolevoltaire.fr\/index.php\/wp-json\/wp\/v2\/media?parent=808"}],"curies":[{"name":"wp","href":"https:\/\/api.w.org\/{rel}","templated":true}]}}