{"id":810,"date":"2022-05-22T15:58:15","date_gmt":"2022-05-22T13:58:15","guid":{"rendered":"http:\/\/autoecd.cluster031.hosting.ovh.net\/?page_id=810"},"modified":"2022-05-22T17:48:57","modified_gmt":"2022-05-22T15:48:57","slug":"permis-b-formules-accelerees","status":"publish","type":"page","link":"https:\/\/autoecolevoltaire.fr\/index.php\/permis-b-formules-accelerees\/","title":{"rendered":"Permis B formules acc\u00e9l\u00e9r\u00e9es"},"content":{"rendered":"\n<p>Parce que l\u2019apprentissage de la conduite est une\u00a0activit\u00e9 individuelle, Voltaire Auto Moto Ecole vous propose d\u2019acc\u00e9l\u00e9rer votre formation gr\u00e2ce \u00e0 un\u00a0<strong>stage intensif<\/strong>\u00a0par le biais d\u2019une\u00a0<strong>formule personnalis\u00e9e<\/strong>. Parce que vous avez tous\u00a0des profils diff\u00e9rents, nous vous proposons d\u2019ajuster votre formule\u00a0<strong>en fonction de vos disponibilit\u00e9s<\/strong>, de vos contraintes d\u2019emploi du temps et de votre rythme d\u2019apprentissage. \u00c0 l\u2019inscription,\u00a0<strong>nous vous r\u00e9servons une date d\u2019examen<\/strong>\u00a0et nous vous positionnons avec vous 1 s\u00e9ance de 2h par jour (sous r\u00e9serve de disponibilit\u00e9 de votre part).Vous \u00eates seul(e)\u00a0dans la voiture avec votre enseignant pour vous former au mieux dans un d\u00e9lai r\u00e9duit (env. 4 semaines). N\u2019h\u00e9sitez pas \u00e0 nous consulter pour avoir les informations concernant l\u2019organisation, la dur\u00e9e, les tarifs\u2026<\/p>\n\n\n\n<h2>Passer le permis en acc\u00e9l\u00e9r\u00e9 \u00e0 Paris<\/h2>\n\n\n\n<p>Vous habitez\u00a0<strong>Paris<\/strong>\u00a0et vous souhaitez passer votre\u00a0<strong>permis en acc\u00e9l\u00e9r\u00e9<\/strong>, Voltaire Auto Moto Ecole, situ\u00e9e dans le 11\u00e8me arrondissement, vous accueille et met tout en \u0153uvre pour que votre formation se d\u00e9roule rapidement et qu\u2019elle vous permette d\u2019<strong>obtenir votre permis<\/strong>\u00a0dans les d\u00e9lais souhait\u00e9s.Les le\u00e7ons sont programm\u00e9es d\u00e8s l\u2019inscription,\u00a0<strong>en fonction de votre emploi du temps<\/strong>\u00a0(et des disponibilit\u00e9s et l\u2019auto-\u00e9cole). Le rythme retenu vous permet de progresser\u00a0<strong>rapidement<\/strong>\u00a0et\u00a0<strong>sans stress<\/strong>.Une\u00a0<strong>place d\u2019examen du permis de conduire<\/strong>\u00a0vous est r\u00e9serv\u00e9e. Vous avez un objectif et nous ferons tout notre possible pour vous permettre de r\u00e9ussir l\u2019examen. Votre progression est plus lente que pr\u00e9vu ? Aucun probl\u00e8me, notre organisation est flexible et nous pourrons vous repositionner sur la date d\u2019examen suivante, avec un d\u00e9lai d\u2019attente r\u00e9duit au minimum.<\/p>\n\n\n\n<h2>Le permis en acc\u00e9l\u00e9r\u00e9 en bo\u00eete manuelle ou automatique<\/h2>\n\n\n\n<p>Pour satisfaire le plus grand nombre, notre formule Permis acc\u00e9l\u00e9r\u00e9 \u00e0 Paris est disponible sur\u00a0<a href=\"https:\/\/www.friedlandconduite.com\/permis-b-manuelle\/\">bo\u00eete manuelle<\/a>\u00a0(min. 20 le\u00e7ons) ou sur\u00a0<a href=\"https:\/\/www.friedlandconduite.com\/permis-b-automatique\/\">bo\u00eete automatique<\/a>\u00a0(min. 13 le\u00e7ons).En optant pour la formation sur bo\u00eete automatique, vous r\u00e9duisez la dur\u00e9e de la formation et maximisez vos chances de r\u00e9ussir \u00e0 l\u2019examen. Vous pourrez par la suite effectuer une formation passerelle de 7 heures (minimum) vous permettant de conduire un v\u00e9hicule \u00e9quip\u00e9 d\u2019une bo\u00eete m\u00e9canique.Vous \u00eates int\u00e9ress\u00e9 par notre formule Permis acc\u00e9l\u00e9r\u00e9 \u00e0 Paris <strong><mark style=\"background-color:rgba(0, 0, 0, 0)\" class=\"has-inline-color has-vivid-red-color\">contacter nous \u00e0 l&#8217;agence ou par telephone au 09.86.15.21.66<\/mark><\/strong><\/p>\n","protected":false},"excerpt":{"rendered":"<p>Parce que l\u2019apprentissage de la conduite est une\u00a0activit\u00e9 individuelle, Voltaire Auto Moto Ecole vous propose d\u2019acc\u00e9l\u00e9rer votre formation gr\u00e2ce \u00e0 [&hellip;]<\/p>\n","protected":false},"author":1,"featured_media":0,"parent":0,"menu_order":0,"comment_status":"closed","ping_status":"closed","template":"","meta":[],"_links":{"self":[{"href":"https:\/\/autoecolevoltaire.fr\/index.php\/wp-json\/wp\/v2\/pages\/810"}],"collection":[{"href":"https:\/\/autoecolevoltaire.fr\/index.php\/wp-json\/wp\/v2\/pages"}],"about":[{"href":"https:\/\/autoecolevoltaire.fr\/index.php\/wp-json\/wp\/v2\/types\/page"}],"author":[{"embeddable":true,"href":"https:\/\/autoecolevoltaire.fr\/index.php\/wp-json\/wp\/v2\/users\/1"}],"replies":[{"embeddable":true,"href":"https:\/\/autoecolevoltaire.fr\/index.php\/wp-json\/wp\/v2\/comments?post=810"}],"version-history":[{"count":4,"href":"https:\/\/autoecolevoltaire.fr\/index.php\/wp-json\/wp\/v2\/pages\/810\/revisions"}],"predecessor-version":[{"id":885,"href":"https:\/\/autoecolevoltaire.fr\/index.php\/wp-json\/wp\/v2\/pages\/810\/revisions\/885"}],"wp:attachment":[{"href":"https:\/\/autoecolevoltaire.fr\/index.php\/wp-json\/wp\/v2\/media?parent=810"}],"curies":[{"name":"wp","href":"https:\/\/api.w.org\/{rel}","templated":true}]}}