{"id":813,"date":"2022-05-22T15:58:59","date_gmt":"2022-05-22T13:58:59","guid":{"rendered":"http:\/\/autoecd.cluster031.hosting.ovh.net\/?page_id=813"},"modified":"2022-06-10T19:37:50","modified_gmt":"2022-06-10T17:37:50","slug":"conduite-accompagnee","status":"publish","type":"page","link":"https:\/\/autoecolevoltaire.fr\/index.php\/conduite-accompagnee\/","title":{"rendered":"Conduite accompagn\u00e9e"},"content":{"rendered":"<div id=\"pl-gb813-69d52ee6d4a52\"  class=\"panel-layout\" ><div id=\"pg-gb813-69d52ee6d4a52-0\"  class=\"panel-grid panel-no-style\" ><div id=\"pgc-gb813-69d52ee6d4a52-0-0\"  class=\"panel-grid-cell\" ><div id=\"panel-gb813-69d52ee6d4a52-0-0-0\" class=\"so-panel widget widget_themegrill_flash_image tg-widget tg-image-widget panel-first-child panel-last-child\" data-index=\"0\" >\t<img src=\"http:\/\/autoecolevoltaire.fr\/wp-content\/uploads\/2022\/05\/black-and-white-car-interior-gear-89693-1024x683-1.webp\" \/>\n<\/div><\/div><div id=\"pgc-gb813-69d52ee6d4a52-0-1\"  class=\"panel-grid-cell\" ><div id=\"panel-gb813-69d52ee6d4a52-0-1-0\" class=\"so-panel widget widget_themegrill_flash_image tg-widget tg-image-widget panel-first-child panel-last-child\" data-index=\"1\" >\t<img src=\"http:\/\/autoecolevoltaire.fr\/wp-content\/uploads\/2022\/05\/car-interior-gear-selector-gear-shift-100647-scaled.webp\" \/>\n<\/div><\/div><\/div><div id=\"pg-gb813-69d52ee6d4a52-1\"  class=\"panel-grid panel-no-style\" ><div id=\"pgc-gb813-69d52ee6d4a52-1-0\"  class=\"panel-grid-cell\" ><div id=\"panel-gb813-69d52ee6d4a52-1-0-0\" class=\"so-panel widget widget_text panel-first-child panel-last-child\" data-index=\"2\" >\t\t\t<div class=\"textwidget\"><h3>Bo\u00eete manuelle \u2013 1590 \u20ac<\/h3>\n<p><strong>Le d\u00e9tails de la formule :\u00a0<\/strong><\/p>\n<ul>\n<li><strong>Frais de dossier (150\u20ac)<\/strong><\/li>\n<li><strong>Code en ligne, valable 6 mois incluant le livre de code (65\u20ac)<\/strong><\/li>\n<li><strong>20 heures de conduite sur bo\u00eete manuelle (1075\u20ac)<\/strong><\/li>\n<li><strong>1 RDV pr\u00e9alable de 2 heures et 2 RDV p\u00e9dagogiques de 2 heures (300\u20ac)<\/strong><\/li>\n<\/ul>\n<p><strong>L\u2019heure de conduite suppl\u00e9mentaire est \u00e0 50\u20ac.<\/strong><\/p>\n<\/div>\n\t\t<\/div><\/div><div id=\"pgc-gb813-69d52ee6d4a52-1-1\"  class=\"panel-grid-cell\" ><div id=\"panel-gb813-69d52ee6d4a52-1-1-0\" class=\"so-panel widget widget_text panel-first-child panel-last-child\" data-index=\"3\" >\t\t\t<div class=\"textwidget\"><h3>Bo\u00eete automatique \u2013 1630 \u20ac<\/h3>\n<p><strong>Le d\u00e9tails de la formule :\u00a0<\/strong><\/p>\n<ul>\n<li><strong>Frais de dossier (150\u20ac)<\/strong><\/li>\n<li><strong>Code en ligne, valable 6 mois incluant le livre de code (65\u20ac)<\/strong><\/li>\n<li><strong>20 heures de conduite sur bo\u00eete manuelle (1085\u20ac)<\/strong><\/li>\n<li><strong>1 RDV pr\u00e9alable de 2 heures et 2 RDV p\u00e9dagogiques de 2 heures (330\u20ac)<\/strong><\/li>\n<\/ul>\n<p><strong>L\u2019heure de conduite suppl\u00e9mentaire est \u00e0 55\u20ac.<\/strong><\/p>\n<\/div>\n\t\t<\/div><\/div><\/div><div id=\"pg-gb813-69d52ee6d4a52-2\"  class=\"panel-grid panel-no-style\" ><div id=\"pgc-gb813-69d52ee6d4a52-2-0\"  class=\"panel-grid-cell\" ><div id=\"panel-gb813-69d52ee6d4a52-2-0-0\" class=\"so-panel widget widget_text panel-first-child panel-last-child\" data-index=\"4\" >\t\t\t<div class=\"textwidget\"><div id=\"fws_628a5b71d5572\" class=\"wpb_row vc_row-fluid vc_row standard_section   \" data-midnight=\"dark\" data-bg-mobile-hidden=\"\">\n<div class=\"col span_12 dark left\">\n<div class=\"vc_col-sm-12 wpb_column column_container vc_column_container col padding-2-percent instance-5\" data-t-w-inherits=\"default\" data-border-radius=\"none\" data-shadow=\"none\" data-border-animation=\"\" data-border-animation-delay=\"\" data-border-width=\"none\" data-border-style=\"solid\" data-border-color=\"\" data-bg-cover=\"\" data-padding-pos=\"all\" data-has-bg-color=\"false\" data-bg-color=\"\" data-bg-opacity=\"1\" data-hover-bg=\"\" data-hover-bg-opacity=\"1\" data-animation=\"\" data-delay=\"0\">\n<div class=\"vc_column-inner\">\n<div class=\"wpb_wrapper\">\n<div class=\"wpb_text_column wpb_content_element \">\n<div class=\"wpb_wrapper\">\n<p>Tous les prix sont exprim\u00e9s en euros (\u20ac), toutes taxes comprises (TTC).<\/p>\n<\/div>\n<\/div>\n<\/div>\n<\/div>\n<\/div>\n<\/div>\n<\/div>\n<div id=\"fws_628a5b71d5a98\" class=\"wpb_row vc_row-fluid vc_row standard_section   \" data-midnight=\"dark\" data-bg-mobile-hidden=\"\">\n<div class=\"row-bg-wrap\" data-bg-animation=\"none\">\n<div class=\"inner-wrap \">\n<div class=\"row-bg    \"><\/div>\n<\/div>\n<\/div>\n<div class=\"col span_12 dark left\">\n<div class=\"vc_col-sm-12 wpb_column column_container vc_column_container col padding-3-percent instance-6\" data-t-w-inherits=\"default\" data-border-radius=\"none\" data-shadow=\"none\" data-border-animation=\"\" data-border-animation-delay=\"\" data-border-width=\"none\" data-border-style=\"solid\" data-border-color=\"\" data-bg-cover=\"\" data-padding-pos=\"all\" data-has-bg-color=\"false\" data-bg-color=\"\" data-bg-opacity=\"1\" data-hover-bg=\"\" data-hover-bg-opacity=\"1\" data-animation=\"\" data-delay=\"0\">\n<div class=\"vc_column-inner\">\n<div class=\"wpb_wrapper\">\n<div class=\"wpb_text_column wpb_content_element \">\n<div class=\"wpb_wrapper\">\n<h3>Pi\u00e8ces \u00e0 fournir<\/h3>\n<\/div>\n<\/div>\n<div class=\"wpb_text_column wpb_content_element \">\n<div class=\"wpb_wrapper\">\n<ul>\n<li>Une photocopie d\u2019une pi\u00e8ce d\u2019identit\u00e9 recto\/verso<\/li>\n<li>Un justificatif de domicile<\/li>\n<li>Une photocopie d\u2019une pi\u00e8ce d\u2019identit\u00e9 recto\/verso d\u2019un parent si l\u2019\u00e9l\u00e8ve est mineur<\/li>\n<li>Une photo d\u2019identit\u00e9<\/li>\n<li>Pour les 18-25 ans, fournir l\u2019attestation de la Journ\u00e9e Defense et Citoyennet\u00e9<\/li>\n<li>Attestation de recensement pour les moins de 18 ans<\/li>\n<\/ul>\n<\/div>\n<\/div>\n<\/div>\n<\/div>\n<\/div>\n<\/div>\n<\/div>\n<div id=\"fws_628a5b71d6038\" class=\"wpb_row vc_row-fluid vc_row standard_section   \" data-midnight=\"dark\" data-bg-mobile-hidden=\"\">\n<div class=\"row-bg-wrap\" data-bg-animation=\"none\">\n<div class=\"inner-wrap \"><\/div>\n<\/div>\n<div class=\"col span_12 dark left\">\n<div class=\"vc_col-sm-12 wpb_column column_container vc_column_container col padding-3-percent instance-7\" data-t-w-inherits=\"default\" data-border-radius=\"none\" data-shadow=\"none\" data-border-animation=\"\" data-border-animation-delay=\"\" data-border-width=\"none\" data-border-style=\"solid\" data-border-color=\"\" data-bg-cover=\"\" data-padding-pos=\"all\" data-has-bg-color=\"false\" data-bg-color=\"\" data-bg-opacity=\"1\" data-hover-bg=\"\" data-hover-bg-opacity=\"1\" data-animation=\"\" data-delay=\"0\">\n<div class=\"vc_column-inner\">\n<div class=\"wpb_wrapper\">\n<div id=\"fws_628a5b71d65d3\" class=\"wpb_row vc_row-fluid vc_row inner_row standard_section    \" data-midnight=\"\" data-column-margin=\"default\" data-bg-mobile-hidden=\"\">\n<div class=\"col span_12  left\">\n<div class=\"vc_col-sm-8 wpb_column column_container vc_column_container col padding-3-percent instance-8\" data-t-w-inherits=\"default\" data-shadow=\"none\" data-border-radius=\"none\" data-border-animation=\"\" data-border-animation-delay=\"\" data-border-width=\"none\" data-border-style=\"solid\" data-border-color=\"\" data-bg-cover=\"\" data-padding-pos=\"right\" data-has-bg-color=\"false\" data-bg-color=\"\" data-bg-opacity=\"1\" data-hover-bg=\"\" data-hover-bg-opacity=\"1\" data-animation=\"\" data-delay=\"0\">\n<div class=\"vc_column-inner\">\n<div class=\"wpb_wrapper\">\n<div class=\"wpb_text_column wpb_content_element \">\n<div class=\"wpb_wrapper\">\n<h3>Pourquoi choisir la Conduite accompagn\u00e9e?<\/h3>\n<\/div>\n<\/div>\n<div class=\"wpb_text_column wpb_content_element \">\n<div class=\"wpb_wrapper\">\n<p>Vous pouvez vous pr\u00e9parer au permis de conduire \u00e0 partir de 15 ans en choisissant la formule de la conduite accompagn\u00e9e (AAC) ! Cette formation est applicable et disponible aussi bien sur bo\u00eete manuelle que sur une bo\u00eete automatique. La conduite accompagn\u00e9e est une formation souvent plus rassurante que les formules classiques puisqu\u2019elle vous permet de relever le challenge du permis de conduire accompagn\u00e9\u00a0par l\u2019un de vos proches.<\/p>\n<p>Apr\u00e8s avoir obtenu votre code de la route, vous r\u00e9aliserez le nombre d\u2019heures de conduite minimum l\u00e9gal avec l\u2019un des moniteurs de l\u2019auto-\u00e9cole. Ce volume horaire varie en fonction de la formule choisie. Si vous choisissez la conduite accompagn\u00e9e en bo\u00eete manuelle, vous devrez faire un minimum de 20 heures en auto-\u00e9cole. En revanche, si vous choisissez la conduite accompagn\u00e9e en bo\u00eete automatique, vous ne devrez effectuer \u00e0 minima que les 13 heures requises.<\/p>\n<p>Avant de parcourir les 3 000 km accompagn\u00e9 requis avant le passage de l\u2019examen, vous aurez un rendez-vous pr\u00e9alable\u00a0avec votre moniteur et votre accompagnant (titulaire d\u2019un permis de conduire d\u2019au moins 5 ans et sans interruption) pour s\u2019assurer du bon d\u00e9roulement de votre apprentissage.<\/p>\n<p>&nbsp;<\/p>\n<p>Les avantages de cette formation AAC sont nombreux !<\/p>\n<p>Le premier est incontestablement l\u2019exp\u00e9rience acquise sur la route gr\u00e2ce aux 3 000 km minimum que l\u2019\u00e9l\u00e8ve doit parcourir accompagn\u00e9. Cette distance est \u00e0 r\u00e9aliser sur une p\u00e9riode d\u2019au moins un an (apr\u00e8s avoir pass\u00e9\u00a0le rendez-vous pr\u00e9alable suite aux 20 heures en auto-\u00e9cole). Cette \u00e9tape r\u00e9duit consid\u00e9rablement le facteur stress lors du passage de l\u2019examen puisque l\u2019\u00e9l\u00e8ve a le temps d\u2019appr\u00e9hender la route et les impr\u00e9vus qu\u2019il\u00a0peut rencontrer. Il est ainsi mieux pr\u00e9par\u00e9 pour mieux les appr\u00e9hender et bien r\u00e9agir en situation de difficult\u00e9 lors de l\u2019examen.<\/p>\n<p>De plus, le taux de r\u00e9ussite\u00a0\u00e0 l\u2019examen de conduite est plus \u00e9lev\u00e9 pour les \u00e9l\u00e8ves ayant suivi cette formation.<\/p>\n<p>Les \u00e9l\u00e8ves issus d\u2019une formation en conduite accompagn\u00e9e b\u00e9n\u00e9ficient \u00e9galement d\u2019autres avantages, comme la p\u00e9riode probatoire qui\u00a0est r\u00e9duite \u00e0 2 ans, le co\u00fbt plus faible de l\u2019assurance automobile d\u00e8s la premi\u00e8re souscription ! Et pour les plus press\u00e9s, l\u2019examen de conduite peut se passer d\u00e8s 17 ans et demi, m\u00eame si vous n\u2019avez le droit d\u2019\u00eatre seul au volant d\u2019une voiture qu\u2019\u00e0 vos 18 ans.<\/p>\n<\/div>\n<\/div>\n<\/div>\n<\/div>\n<\/div>\n<\/div>\n<\/div>\n<\/div>\n<\/div>\n<\/div>\n<\/div>\n<\/div>\n<\/div>\n\t\t<\/div><\/div><\/div><\/div>","protected":false},"excerpt":{"rendered":"<p>Bo\u00eete manuelle \u2013 1590 \u20ac Le d\u00e9tails de la formule :\u00a0 Frais de dossier (150\u20ac) Code en ligne, valable 6 [&hellip;]<\/p>\n","protected":false},"author":1,"featured_media":0,"parent":0,"menu_order":0,"comment_status":"closed","ping_status":"closed","template":"","meta":[],"_links":{"self":[{"href":"https:\/\/autoecolevoltaire.fr\/index.php\/wp-json\/wp\/v2\/pages\/813"}],"collection":[{"href":"https:\/\/autoecolevoltaire.fr\/index.php\/wp-json\/wp\/v2\/pages"}],"about":[{"href":"https:\/\/autoecolevoltaire.fr\/index.php\/wp-json\/wp\/v2\/types\/page"}],"author":[{"embeddable":true,"href":"https:\/\/autoecolevoltaire.fr\/index.php\/wp-json\/wp\/v2\/users\/1"}],"replies":[{"embeddable":true,"href":"https:\/\/autoecolevoltaire.fr\/index.php\/wp-json\/wp\/v2\/comments?post=813"}],"version-history":[{"count":11,"href":"https:\/\/autoecolevoltaire.fr\/index.php\/wp-json\/wp\/v2\/pages\/813\/revisions"}],"predecessor-version":[{"id":976,"href":"https:\/\/autoecolevoltaire.fr\/index.php\/wp-json\/wp\/v2\/pages\/813\/revisions\/976"}],"wp:attachment":[{"href":"https:\/\/autoecolevoltaire.fr\/index.php\/wp-json\/wp\/v2\/media?parent=813"}],"curies":[{"name":"wp","href":"https:\/\/api.w.org\/{rel}","templated":true}]}}