{"id":816,"date":"2022-05-22T15:59:04","date_gmt":"2022-05-22T13:59:04","guid":{"rendered":"http:\/\/autoecd.cluster031.hosting.ovh.net\/?page_id=816"},"modified":"2022-05-25T20:56:42","modified_gmt":"2022-05-25T18:56:42","slug":"annulation-de-permis","status":"publish","type":"page","link":"https:\/\/autoecolevoltaire.fr\/index.php\/annulation-de-permis\/","title":{"rendered":"Annulation de permis"},"content":{"rendered":"\n<h3>Votre permis a \u00e9t\u00e9 annul\u00e9?<\/h3>\n\n\n\n<p>Vous avez perdu votre permis de conduire suite \u00e0 l\u2019infraction de trop au code de la route ? Vous avez d\u00fb recevoir en recommand\u00e9 une lettre \u00ab R\u00e9f\u00e9rence 48SI \u00bb ou \u00ab R\u00e9f\u00e9rence 44 \u00bb. La formule Annulation de permis r\u00e9pondra parfaitement \u00e0 vos besoins.<\/p>\n\n\n\n<p>Les personnes ayant le permis depuis moins de trois ans devront repasser les examens du code de la route et du permis de conduire. Les titulaires d\u2019un permis de conduire depuis plus de trois ans devront repasser uniquement le code de la route.<\/p>\n\n\n\n<h3>Pack Annulation de permis \u2013 590\u20ac<\/h3>\n\n\n\n<p>Ce pack comprends les m\u00eames \u00e9l\u00e9ments essentiels au r\u00e9tablissement de votre permis de conduire, \u00e0 savoir :<\/p>\n\n\n\n<ul><li>Les frais de dossier<\/li><li>Les fournitures p\u00e9dagogiques<\/li><li>Code en ligne valable 1 an<ul><li>Acc\u00e8s internet pour un apprentissage personnalis\u00e9 24h\/24<\/li><\/ul><\/li><li>5 heures de conduites <\/li><\/ul>\n\n\n\n<h3>Documents \u00e0 fournir<\/h3>\n\n\n\n<ul><li>Votre pi\u00e8ce d\u2019identit\u00e9<\/li><li>Un justificatif de domicile<\/li><li>Une photo d\u2019identit\u00e9<\/li><li>La visite m\u00e9dicale chez un m\u00e9decin agr\u00e9\u00e9<\/li><li>Le r\u00e9sultat du test psycho-technique<\/li><\/ul>\n\n\n\n<p>Les personnes ayant le permis depuis moins de trois ans devront repasser les examens du code de la route et du permis de conduire. Les titulaires d\u2019un permis de conduire depuis plus de trois ans devront repasser uniquement le code de la route.<\/p>\n","protected":false},"excerpt":{"rendered":"<p>Votre permis a \u00e9t\u00e9 annul\u00e9? Vous avez perdu votre permis de conduire suite \u00e0 l\u2019infraction de trop au code de [&hellip;]<\/p>\n","protected":false},"author":1,"featured_media":0,"parent":0,"menu_order":0,"comment_status":"closed","ping_status":"closed","template":"","meta":[],"_links":{"self":[{"href":"https:\/\/autoecolevoltaire.fr\/index.php\/wp-json\/wp\/v2\/pages\/816"}],"collection":[{"href":"https:\/\/autoecolevoltaire.fr\/index.php\/wp-json\/wp\/v2\/pages"}],"about":[{"href":"https:\/\/autoecolevoltaire.fr\/index.php\/wp-json\/wp\/v2\/types\/page"}],"author":[{"embeddable":true,"href":"https:\/\/autoecolevoltaire.fr\/index.php\/wp-json\/wp\/v2\/users\/1"}],"replies":[{"embeddable":true,"href":"https:\/\/autoecolevoltaire.fr\/index.php\/wp-json\/wp\/v2\/comments?post=816"}],"version-history":[{"count":3,"href":"https:\/\/autoecolevoltaire.fr\/index.php\/wp-json\/wp\/v2\/pages\/816\/revisions"}],"predecessor-version":[{"id":962,"href":"https:\/\/autoecolevoltaire.fr\/index.php\/wp-json\/wp\/v2\/pages\/816\/revisions\/962"}],"wp:attachment":[{"href":"https:\/\/autoecolevoltaire.fr\/index.php\/wp-json\/wp\/v2\/media?parent=816"}],"curies":[{"name":"wp","href":"https:\/\/api.w.org\/{rel}","templated":true}]}}