{"id":818,"date":"2022-05-22T15:59:30","date_gmt":"2022-05-22T13:59:30","guid":{"rendered":"http:\/\/autoecd.cluster031.hosting.ovh.net\/?page_id=818"},"modified":"2022-05-22T18:17:20","modified_gmt":"2022-05-22T16:17:20","slug":"prestations-unitaires","status":"publish","type":"page","link":"https:\/\/autoecolevoltaire.fr\/index.php\/prestations-unitaires\/","title":{"rendered":"Prestations unitaires"},"content":{"rendered":"\n<p>La signature d\u2019un contrat devra obligatoirement \u00eatre pr\u00e9c\u00e9d\u00e9e d\u2019une \u00e9valuation de d\u00e9part (tarif correspondant \u00e0 1 heure de conduite en boite manuelle ou automatique).<\/p>\n\n\n\n<p><strong>Administratif<\/strong><\/p>\n\n\n\n<ul><li>Frais d\u2019inscription : 150 \u20ac<\/li><li>Frais d\u2019accompagnement \u00e0 l\u2019examen de conduite en boite manuelle : 50\u20ac<\/li><li>Frais d\u2019accompagnement \u00e0 l\u2019examen de conduite en boite automatique : 55\u20ac<\/li><\/ul>\n\n\n\n<p><strong>Fournitures p\u00e9dagogiques<\/strong><\/p>\n\n\n\n<ul><li>Livret d\u2019apprentissage : 15\u20ac<\/li><li>Livre de code : 15\u20ac<\/li><li>Livret de v\u00e9rifications : 15\u20ac<\/li><\/ul>\n\n\n\n<p><strong>Enseignement th\u00e9orique<\/strong><\/p>\n\n\n\n<ul><li>Cours de code individuel 1 heure : 50\u20ac<\/li><li><a rel=\"noreferrer noopener\" href=\"https:\/\/vroomvroom.fr\/auto-ecoles\/paris\/paris\/friedland-conduite\/code-de-la-route\" target=\"_blank\">Code en ligne valable 6 mois<\/a>\u00a0: 50\u20ac<\/li><\/ul>\n\n\n\n<p><strong>Enseignement pratique<\/strong><\/p>\n\n\n\n<ul><li>Le\u00e7on de conduite en boite manuelle (55 minutes) : 50\u20ac<\/li><li>Le\u00e7on de conduite en boite automatique (55 minutes) : 55\u20ac<\/li><\/ul>\n","protected":false},"excerpt":{"rendered":"<p>La signature d\u2019un contrat devra obligatoirement \u00eatre pr\u00e9c\u00e9d\u00e9e d\u2019une \u00e9valuation de d\u00e9part (tarif correspondant \u00e0 1 heure de conduite en [&hellip;]<\/p>\n","protected":false},"author":1,"featured_media":0,"parent":0,"menu_order":0,"comment_status":"closed","ping_status":"closed","template":"","meta":[],"_links":{"self":[{"href":"https:\/\/autoecolevoltaire.fr\/index.php\/wp-json\/wp\/v2\/pages\/818"}],"collection":[{"href":"https:\/\/autoecolevoltaire.fr\/index.php\/wp-json\/wp\/v2\/pages"}],"about":[{"href":"https:\/\/autoecolevoltaire.fr\/index.php\/wp-json\/wp\/v2\/types\/page"}],"author":[{"embeddable":true,"href":"https:\/\/autoecolevoltaire.fr\/index.php\/wp-json\/wp\/v2\/users\/1"}],"replies":[{"embeddable":true,"href":"https:\/\/autoecolevoltaire.fr\/index.php\/wp-json\/wp\/v2\/comments?post=818"}],"version-history":[{"count":2,"href":"https:\/\/autoecolevoltaire.fr\/index.php\/wp-json\/wp\/v2\/pages\/818\/revisions"}],"predecessor-version":[{"id":906,"href":"https:\/\/autoecolevoltaire.fr\/index.php\/wp-json\/wp\/v2\/pages\/818\/revisions\/906"}],"wp:attachment":[{"href":"https:\/\/autoecolevoltaire.fr\/index.php\/wp-json\/wp\/v2\/media?parent=818"}],"curies":[{"name":"wp","href":"https:\/\/api.w.org\/{rel}","templated":true}]}}