{"id":820,"date":"2022-05-22T16:00:13","date_gmt":"2022-05-22T14:00:13","guid":{"rendered":"http:\/\/autoecd.cluster031.hosting.ovh.net\/?page_id=820"},"modified":"2022-06-10T19:30:26","modified_gmt":"2022-06-10T17:30:26","slug":"permis-moto-a2","status":"publish","type":"page","link":"https:\/\/autoecolevoltaire.fr\/index.php\/permis-moto-a2\/","title":{"rendered":"Permis moto A2"},"content":{"rendered":"\n<p>Contrairement aux id\u00e9es re\u00e7ues, passer son permis moto n\u2019est pas un redoutable parcours du combattant. Si vous souhaitez prendre plaisir en deux roues, notre \u00e9quipe saura vous accompagner vers la r\u00e9ussite.<\/p>\n\n\n\n<p>Apr\u00e8s avoir obtenu votre code moto (ETM) nous vous proposons de vous accompagner dans votre formation sur une piste priv\u00e9e sous forme de sessions de 3h \u00e0 raison de 2 sessions minimum par semaine.<\/p>\n\n\n\n<p>Une des cl\u00e9s de la r\u00e9ussite \u00e0 l\u2019examen du plateau \u00e9tant la r\u00e9gularit\u00e9, nous mettrons tout en \u0153uvre et vous inviterons \u00e0 en faire autant, pour nous rendre disponible pour que vous puissiez faire un maximum de le\u00e7ons dans un minimum de temps.<\/p>\n\n\n\n<h3>D\u00e9tails de la formule \u00e0 840\u20ac <\/h3>\n\n\n\n<p>Cette formule comprend les \u00e9l\u00e9ments suivants:<\/p>\n\n\n\n<ul><li><strong>Frais de dossier<\/strong><\/li><li><strong>Fournitures p\u00e9dagogiques<\/strong><\/li><li><strong>Code en ligne valable 3 mois (Acc\u00e8s internet pour un apprentissage personnalis\u00e9 24h\/24)<\/strong><\/li><li><strong>20 heures de conduite<\/strong><\/li><li><strong>1 pr\u00e9sentation \u00e0 l\u2019examen du plateau<\/strong><\/li><li><strong>1 pr\u00e9sentation \u00e0 l\u2019examen de circulation<\/strong><\/li><\/ul>\n\n\n\n<h3>Prestations suppl\u00e9mentaires<\/h3>\n\n\n\n<ul><li>Pr\u00e9sentation \u00e0 l\u2019examen plateau 84\u20ac<\/li><li>Pr\u00e9sentation \u00e0 l\u2019examen de circulation 84\u20ac<\/li><li>Le\u00e7on de conduite suppl\u00e9mentaire (1 heure) 56\u20ac<\/li><li>1 pr\u00e9sentation \u00e0 l\u2019examen de circulation<\/li><\/ul>\n\n\n\n<h3>Pi\u00e8ces \u00e0 fournir pour l\u2019inscription<\/h3>\n\n\n\n<ul><li>Pi\u00e8ce d\u2019identit\u00e9 <\/li><li>Permis de conduire si l&#8217;\u00e9l\u00e8ve est deja titulaire d&#8217;un permis<\/li><li>Justificatif de domicile <\/li><li>1 photographie d\u2019identit\u00e9<\/li><\/ul>\n","protected":false},"excerpt":{"rendered":"<p>Contrairement aux id\u00e9es re\u00e7ues, passer son permis moto n\u2019est pas un redoutable parcours du combattant. Si vous souhaitez prendre plaisir [&hellip;]<\/p>\n","protected":false},"author":1,"featured_media":0,"parent":0,"menu_order":0,"comment_status":"closed","ping_status":"closed","template":"","meta":[],"_links":{"self":[{"href":"https:\/\/autoecolevoltaire.fr\/index.php\/wp-json\/wp\/v2\/pages\/820"}],"collection":[{"href":"https:\/\/autoecolevoltaire.fr\/index.php\/wp-json\/wp\/v2\/pages"}],"about":[{"href":"https:\/\/autoecolevoltaire.fr\/index.php\/wp-json\/wp\/v2\/types\/page"}],"author":[{"embeddable":true,"href":"https:\/\/autoecolevoltaire.fr\/index.php\/wp-json\/wp\/v2\/users\/1"}],"replies":[{"embeddable":true,"href":"https:\/\/autoecolevoltaire.fr\/index.php\/wp-json\/wp\/v2\/comments?post=820"}],"version-history":[{"count":3,"href":"https:\/\/autoecolevoltaire.fr\/index.php\/wp-json\/wp\/v2\/pages\/820\/revisions"}],"predecessor-version":[{"id":973,"href":"https:\/\/autoecolevoltaire.fr\/index.php\/wp-json\/wp\/v2\/pages\/820\/revisions\/973"}],"wp:attachment":[{"href":"https:\/\/autoecolevoltaire.fr\/index.php\/wp-json\/wp\/v2\/media?parent=820"}],"curies":[{"name":"wp","href":"https:\/\/api.w.org\/{rel}","templated":true}]}}